{"id":35,"date":"2018-06-09T12:31:20","date_gmt":"2018-06-09T12:31:20","guid":{"rendered":"https:\/\/blog1hasslerkatzweiler.wordpress.com\/?page_id=35"},"modified":"2020-08-03T21:24:32","modified_gmt":"2020-08-03T21:24:32","slug":"geschichte","status":"publish","type":"page","link":"https:\/\/hassler-bau.de\/?page_id=35","title":{"rendered":"Geschichte"},"content":{"rendered":"\t\t<div data-elementor-type=\"wp-page\" data-elementor-id=\"35\" class=\"elementor elementor-35\" data-elementor-post-type=\"page\">\n\t\t\t\t\t\t<section class=\"elementor-section elementor-top-section elementor-element elementor-element-b28eb64 elementor-section-boxed elementor-section-height-default elementor-section-height-default\" data-id=\"b28eb64\" data-element_type=\"section\">\n\t\t\t\t\t\t<div class=\"elementor-container elementor-column-gap-default\">\n\t\t\t\t\t<div class=\"elementor-column elementor-col-100 elementor-top-column elementor-element elementor-element-29dbdad\" data-id=\"29dbdad\" data-element_type=\"column\">\n\t\t\t<div class=\"elementor-widget-wrap elementor-element-populated\">\n\t\t\t\t\t\t<div class=\"elementor-element elementor-element-942c941 elementor-widget elementor-widget-heading\" data-id=\"942c941\" data-element_type=\"widget\" data-widget_type=\"heading.default\">\n\t\t\t\t<div class=\"elementor-widget-container\">\n\t\t\t<h2 class=\"elementor-heading-title elementor-size-default\">Ein kurzer \u00dcberblick unseres Werdegangs<\/h2>\t\t<\/div>\n\t\t\t\t<\/div>\n\t\t\t\t\t<\/div>\n\t\t<\/div>\n\t\t\t\t\t<\/div>\n\t\t<\/section>\n\t\t\t\t<section class=\"elementor-section elementor-top-section elementor-element elementor-element-e9cb926 elementor-section-boxed elementor-section-height-default elementor-section-height-default\" data-id=\"e9cb926\" data-element_type=\"section\">\n\t\t\t\t\t\t<div class=\"elementor-container elementor-column-gap-default\">\n\t\t\t\t\t<div class=\"elementor-column elementor-col-100 elementor-top-column elementor-element elementor-element-c11b8b9\" data-id=\"c11b8b9\" data-element_type=\"column\">\n\t\t\t<div class=\"elementor-widget-wrap elementor-element-populated\">\n\t\t\t\t\t\t<div class=\"elementor-element elementor-element-e275e19 elementor-widget elementor-widget-text-editor\" data-id=\"e275e19\" data-element_type=\"widget\" data-widget_type=\"text-editor.default\">\n\t\t\t\t<div class=\"elementor-widget-container\">\n\t\t\t\t\t\t\t<p style=\"text-align: justify;\"><strong>Die Firma Hassler verk\u00f6rpert seit 3 Generationen die Baupraxis und damit mehr als ein halbes Jahrhundert an Bau Erfahrung.\u00a0Der heutige Gesch\u00e4ftsf\u00fchrer des Familienunternehmens leitet den Betrieb seit 1984\u00a0Urspr\u00fcnglich wurden au\u00dfer den \u00fcblichen Maurerarbeiten auch Betonziegeln hergestellt.\u00a0Nach der Neugr\u00fcndung der Firma Hassler durch den Vater des heutigen Gesch\u00e4ftsf\u00fchrers\u00a0Willibald Hassler widmete sich der Betrieb mehr und mehr der Herstellung von Betonwerksteinen.<\/strong><\/p>\t\t\t\t\t\t<\/div>\n\t\t\t\t<\/div>\n\t\t\t\t\t<\/div>\n\t\t<\/div>\n\t\t\t\t\t<\/div>\n\t\t<\/section>\n\t\t\t\t<section class=\"elementor-section elementor-top-section elementor-element elementor-element-01bb6a4 elementor-section-boxed elementor-section-height-default elementor-section-height-default\" data-id=\"01bb6a4\" data-element_type=\"section\">\n\t\t\t\t\t\t<div class=\"elementor-container elementor-column-gap-default\">\n\t\t\t\t\t<div class=\"elementor-column elementor-col-100 elementor-top-column elementor-element elementor-element-5bb2677\" data-id=\"5bb2677\" data-element_type=\"column\">\n\t\t\t<div class=\"elementor-widget-wrap elementor-element-populated\">\n\t\t\t\t\t\t<div class=\"elementor-element elementor-element-9b7fa98 elementor-widget elementor-widget-gallery\" data-id=\"9b7fa98\" data-element_type=\"widget\" data-settings=\"{&quot;gallery_layout&quot;:&quot;justified&quot;,&quot;lazyload&quot;:&quot;yes&quot;,&quot;ideal_row_height&quot;:{&quot;unit&quot;:&quot;px&quot;,&quot;size&quot;:200,&quot;sizes&quot;:[]},&quot;ideal_row_height_tablet&quot;:{&quot;unit&quot;:&quot;px&quot;,&quot;size&quot;:150,&quot;sizes&quot;:[]},&quot;ideal_row_height_mobile&quot;:{&quot;unit&quot;:&quot;px&quot;,&quot;size&quot;:150,&quot;sizes&quot;:[]},&quot;gap&quot;:{&quot;unit&quot;:&quot;px&quot;,&quot;size&quot;:10,&quot;sizes&quot;:[]},&quot;gap_tablet&quot;:{&quot;unit&quot;:&quot;px&quot;,&quot;size&quot;:10,&quot;sizes&quot;:[]},&quot;gap_mobile&quot;:{&quot;unit&quot;:&quot;px&quot;,&quot;size&quot;:10,&quot;sizes&quot;:[]},&quot;link_to&quot;:&quot;file&quot;,&quot;overlay_background&quot;:&quot;yes&quot;,&quot;content_hover_animation&quot;:&quot;fade-in&quot;}\" data-widget_type=\"gallery.default\">\n\t\t\t\t<div class=\"elementor-widget-container\">\n\t\t\t\t\t<div class=\"elementor-gallery__container\">\n\t\t\t\t\t\t\t<a class=\"e-gallery-item elementor-gallery-item elementor-animated-content\" href=\"https:\/\/hassler-bau.de\/wp-content\/uploads\/2018\/06\/historisch21.jpg\" data-elementor-open-lightbox=\"yes\" data-elementor-lightbox-slideshow=\"9b7fa98\" data-elementor-lightbox-title=\"historisch2\" data-e-action-hash=\"#elementor-action%3Aaction%3Dlightbox%26settings%3DeyJpZCI6NzIsInVybCI6Imh0dHBzOlwvXC9oYXNzbGVyLWJhdS5kZVwvd3AtY29udGVudFwvdXBsb2Fkc1wvMjAxOFwvMDZcL2hpc3RvcmlzY2gyMS5qcGciLCJzbGlkZXNob3ciOiI5YjdmYTk4In0%3D\">\n\t\t\t\t\t<div class=\"e-gallery-image elementor-gallery-item__image\" data-thumbnail=\"https:\/\/hassler-bau.de\/wp-content\/uploads\/2018\/06\/historisch21.jpg\" data-width=\"800\" data-height=\"478\" aria-label=\"\" role=\"img\" ><\/div>\n\t\t\t\t\t\t\t\t\t\t\t<div class=\"elementor-gallery-item__overlay\"><\/div>\n\t\t\t\t\t\t\t\t\t\t\t\t\t\t<\/a>\n\t\t\t\t\t\t\t<a class=\"e-gallery-item elementor-gallery-item elementor-animated-content\" href=\"https:\/\/hassler-bau.de\/wp-content\/uploads\/2018\/06\/historisch11.jpg\" data-elementor-open-lightbox=\"yes\" data-elementor-lightbox-slideshow=\"9b7fa98\" data-elementor-lightbox-title=\"historisch1\" data-e-action-hash=\"#elementor-action%3Aaction%3Dlightbox%26settings%3DeyJpZCI6NzEsInVybCI6Imh0dHBzOlwvXC9oYXNzbGVyLWJhdS5kZVwvd3AtY29udGVudFwvdXBsb2Fkc1wvMjAxOFwvMDZcL2hpc3RvcmlzY2gxMS5qcGciLCJzbGlkZXNob3ciOiI5YjdmYTk4In0%3D\">\n\t\t\t\t\t<div class=\"e-gallery-image elementor-gallery-item__image\" data-thumbnail=\"https:\/\/hassler-bau.de\/wp-content\/uploads\/2018\/06\/historisch11.jpg\" data-width=\"800\" data-height=\"422\" aria-label=\"\" role=\"img\" ><\/div>\n\t\t\t\t\t\t\t\t\t\t\t<div class=\"elementor-gallery-item__overlay\"><\/div>\n\t\t\t\t\t\t\t\t\t\t\t\t\t\t<\/a>\n\t\t\t\t\t<\/div>\n\t\t\t<\/div>\n\t\t\t\t<\/div>\n\t\t\t\t\t<\/div>\n\t\t<\/div>\n\t\t\t\t\t<\/div>\n\t\t<\/section>\n\t\t\t\t<section class=\"elementor-section elementor-top-section elementor-element elementor-element-c4a6552 elementor-section-boxed elementor-section-height-default elementor-section-height-default\" data-id=\"c4a6552\" data-element_type=\"section\">\n\t\t\t\t\t\t<div class=\"elementor-container elementor-column-gap-default\">\n\t\t\t\t\t<div class=\"elementor-column elementor-col-100 elementor-top-column elementor-element elementor-element-9b837fe\" data-id=\"9b837fe\" data-element_type=\"column\">\n\t\t\t<div class=\"elementor-widget-wrap elementor-element-populated\">\n\t\t\t\t\t\t<div class=\"elementor-element elementor-element-1b11688 elementor-widget elementor-widget-text-editor\" data-id=\"1b11688\" data-element_type=\"widget\" data-widget_type=\"text-editor.default\">\n\t\t\t\t<div class=\"elementor-widget-container\">\n\t\t\t\t\t\t\t<p style=\"font-size: 14.4px; font-style: normal; font-weight: 400; text-align: justify;\"><strong>Bis Anfang der achtziger Jahre wurden fast ausschlie\u00dflich Sonderanfertigungen in Form von Winkelstufen, Fensterb\u00e4nke, Treppen, Mauerteilen,\u00a0etc. hergestellt.\u00a0Nach dem 3. Generationswechsel am 01.01.1984 r\u00fcckte der Hochbau wieder mehr in den Vordergrund, die Produktion von Betonwerksteinteilen wurde beibehalten und modernisiert.\u00a0Bis heute hat sich die Firma durch ihre Vielseitigkeit in den vergangenen Jahren mehrere Standbeine geschaffen.<\/strong><\/p><p style=\"font-size: 14.4px; font-style: normal; font-weight: 400; text-align: justify;\"><strong>Durch erfahrene Mitarbeiter, st\u00e4ndige Weiterbildung und modernste Technik ist dies m\u00f6glich geworden.\u00a0Die Firma besteht derzeit aus 11 Mitarbeiten<\/strong><\/p><p style=\"font-size: 14.4px; font-style: normal; font-weight: 400; text-align: justify;\"><strong>Unser T\u00e4tigkeitsbereich liegt im Umkreis von Kaiserslautern.<\/strong><\/p>\t\t\t\t\t\t<\/div>\n\t\t\t\t<\/div>\n\t\t\t\t\t<\/div>\n\t\t<\/div>\n\t\t\t\t\t<\/div>\n\t\t<\/section>\n\t\t\t\t<\/div>\n\t\t","protected":false},"excerpt":{"rendered":"<p>Ein kurzer \u00dcberblick unseres Werdegangs Die Firma Hassler verk\u00f6rpert seit 3 Generationen die Baupraxis und damit mehr als ein halbes Jahrhundert an Bau Erfahrung.&nbsp;Der heutige Gesch\u00e4ftsf\u00fchrer des Familienunternehmens leitet den Betrieb seit 1984&nbsp;Urspr\u00fcnglich wurden au\u00dfer den \u00fcblichen Maurerarbeiten auch Betonziegeln hergestellt.&nbsp;Nach der Neugr\u00fcndung der Firma Hassler durch den Vater des heutigen Gesch\u00e4ftsf\u00fchrers&nbsp;Willibald Hassler widmete sich [&hellip;]<\/p>\n","protected":false},"author":1,"featured_media":0,"parent":0,"menu_order":0,"comment_status":"closed","ping_status":"closed","template":"","meta":{"footnotes":""},"_links":{"self":[{"href":"https:\/\/hassler-bau.de\/index.php?rest_route=\/wp\/v2\/pages\/35"}],"collection":[{"href":"https:\/\/hassler-bau.de\/index.php?rest_route=\/wp\/v2\/pages"}],"about":[{"href":"https:\/\/hassler-bau.de\/index.php?rest_route=\/wp\/v2\/types\/page"}],"author":[{"embeddable":true,"href":"https:\/\/hassler-bau.de\/index.php?rest_route=\/wp\/v2\/users\/1"}],"replies":[{"embeddable":true,"href":"https:\/\/hassler-bau.de\/index.php?rest_route=%2Fwp%2Fv2%2Fcomments&post=35"}],"version-history":[{"count":5,"href":"https:\/\/hassler-bau.de\/index.php?rest_route=\/wp\/v2\/pages\/35\/revisions"}],"predecessor-version":[{"id":274,"href":"https:\/\/hassler-bau.de\/index.php?rest_route=\/wp\/v2\/pages\/35\/revisions\/274"}],"wp:attachment":[{"href":"https:\/\/hassler-bau.de\/index.php?rest_route=%2Fwp%2Fv2%2Fmedia&parent=35"}],"curies":[{"name":"wp","href":"https:\/\/api.w.org\/{rel}","templated":true}]}}